{"id":645,"date":"2023-05-23T13:31:31","date_gmt":"2023-05-23T10:31:31","guid":{"rendered":"https:\/\/tulumbeachbar.gr\/themencode-pdf-viewer-sc\/"},"modified":"2024-07-29T22:27:33","modified_gmt":"2024-07-29T19:27:33","slug":"themencode-pdf-viewer-sc","status":"publish","type":"page","link":"https:\/\/tulumbeachbar.gr\/en\/themencode-pdf-viewer-sc\/","title":{"rendered":"ThemeNcode PDF Viewer SC [Do not Delete]"},"content":{"rendered":"<p>This page is used for Viewing PDF.<\/p>\n<p>Ghostwriter sind erfahrene Schriftsteller, die \u00fcber das n\u00f6tige Fachwissen und die F\u00e4higkeiten verf\u00fcgen, qualitativ hochwertige Texte zu verfassen. Durch die Zusammenarbeit <a href=\"https:\/\/akadeule.com\/ghostwriting\/\">ghostwriting<\/a> mit einer Ghostwriting-Agentur k\u00f6nnen Sie sicherstellen, dass Ihr Buch oder Artikel ein professionelles Niveau erreicht und Ihre Leser beeindruckt.<\/p>\n<p>Eine Ghostwriting-Agentur stellt sicher, dass Ihr Text fehlerfrei ist und den h\u00f6chsten sprachlichen Standards entspricht. Sie \u00fcberpr\u00fcfen Rechtschreibung, Grammatik <a href=\"https:\/\/hausarbeiten-schreiben-lassen.com\/\">hausarbeiten kaufen<\/a> und Zeichensetzung und sorgen daf\u00fcr, dass Ihr Werk professionell wirkt.<\/p>\n<p>Einige Ghostwriting-Agenturen berechnen einen Stundensatz f\u00fcr ihre Dienstleistungen. Der Stundensatz kann je nach Erfahrung und <a href=\"https:\/\/arbeitschreibenlassen.de\/\">arbeit schreiben lassen<\/a> Fachwissen des Ghostwriters variieren.<\/p>\n<p>Erfahrung und Ruf des Ghostwriters: Ein erfahrener und renommierter Ghostwriter kann h\u00f6here Honorare verlangen als ein weniger <a href=\"https:\/\/akadeule.com\/preise\/\">ghostwriting preise<\/a> bekannter Ghostwriter.<\/p>\n<p>Ghostwriting-Agenturen haben auch bei der Erstellung von Unternehmensbrosch\u00fcren, Websites und anderen Marketingmaterialien geholfen. Diese Projekte <a href=\"https:\/\/ghostwriting365.de\/facharbeit-schreiben-lassen\/\">facharbeiten schreiben lassen<\/a> haben dazu beigetragen, das Image und die Bekanntheit von Unternehmen zu <\/p>","protected":false},"excerpt":{"rendered":"<p>This page is used for Viewing PDF. Ghostwriter sind erfahrene Schriftsteller, die \u00fcber das n\u00f6tige Fachwissen und die F\u00e4higkeiten verf\u00fcgen, qualitativ hochwertige Texte zu verfassen. Durch die Zusammenarbeit ghostwriting mit einer Ghostwriting-Agentur k\u00f6nnen Sie sicherstellen, dass Ihr Buch oder Artikel ein professionelles Niveau erreicht und Ihre Leser beeindruckt. Eine Ghostwriting-Agentur stellt sicher, dass Ihr Text [&hellip;]<\/p>","protected":false},"author":2,"featured_media":0,"parent":0,"menu_order":0,"comment_status":"closed","ping_status":"closed","template":"tnc-pdf-viewer-shortcode.php","meta":{"footnotes":""},"class_list":["post-645","page","type-page","status-publish","hentry"],"_links":{"self":[{"href":"https:\/\/tulumbeachbar.gr\/en\/wp-json\/wp\/v2\/pages\/645","targetHints":{"allow":["GET"]}}],"collection":[{"href":"https:\/\/tulumbeachbar.gr\/en\/wp-json\/wp\/v2\/pages"}],"about":[{"href":"https:\/\/tulumbeachbar.gr\/en\/wp-json\/wp\/v2\/types\/page"}],"author":[{"embeddable":true,"href":"https:\/\/tulumbeachbar.gr\/en\/wp-json\/wp\/v2\/users\/2"}],"replies":[{"embeddable":true,"href":"https:\/\/tulumbeachbar.gr\/en\/wp-json\/wp\/v2\/comments?post=645"}],"version-history":[{"count":0,"href":"https:\/\/tulumbeachbar.gr\/en\/wp-json\/wp\/v2\/pages\/645\/revisions"}],"wp:attachment":[{"href":"https:\/\/tulumbeachbar.gr\/en\/wp-json\/wp\/v2\/media?parent=645"}],"curies":[{"name":"wp","href":"https:\/\/api.w.org\/{rel}","templated":true}]}}